{"id":14,"date":"2025-09-26T11:56:41","date_gmt":"2025-09-26T09:56:41","guid":{"rendered":"https:\/\/projet2.ulcastudio.com\/?page_id=14"},"modified":"2025-11-27T14:26:13","modified_gmt":"2025-11-27T13:26:13","slug":"services","status":"publish","type":"page","link":"https:\/\/projet2.ulcastudio.com\/index.php\/services\/","title":{"rendered":"Services"},"content":{"rendered":"\n<div class=\"wp-block-group alignfull is-layout-constrained wp-container-core-group-is-layout-4383d167 wp-block-group-is-layout-constrained\">\n<div class=\"wp-block-group alignwide is-layout-constrained wp-container-core-group-is-layout-a62fa364 wp-block-group-is-layout-constrained\" style=\"margin-top:0;margin-bottom:0;padding-top:0px;padding-bottom:0px\">\n<div class=\"wp-block-columns is-layout-flex wp-container-core-columns-is-layout-92515837 wp-block-columns-is-layout-flex\">\n<div class=\"wp-block-column is-layout-flow wp-block-column-is-layout-flow\">\n<figure class=\"wp-block-image alignleft size-full has-custom-border\"><img loading=\"lazy\" decoding=\"async\" width=\"1170\" height=\"1161\" src=\"https:\/\/projet2.ulcastudio.com\/wp-content\/uploads\/2025\/09\/IMG_4093-1.jpeg\" alt=\"\" class=\"wp-image-35\" style=\"border-radius:29px\" srcset=\"https:\/\/projet2.ulcastudio.com\/wp-content\/uploads\/2025\/09\/IMG_4093-1.jpeg 1170w, https:\/\/projet2.ulcastudio.com\/wp-content\/uploads\/2025\/09\/IMG_4093-1-300x298.jpeg 300w, https:\/\/projet2.ulcastudio.com\/wp-content\/uploads\/2025\/09\/IMG_4093-1-1024x1016.jpeg 1024w, https:\/\/projet2.ulcastudio.com\/wp-content\/uploads\/2025\/09\/IMG_4093-1-150x150.jpeg 150w, https:\/\/projet2.ulcastudio.com\/wp-content\/uploads\/2025\/09\/IMG_4093-1-768x762.jpeg 768w\" sizes=\"auto, (max-width: 1170px) 100vw, 1170px\" \/><\/figure>\n<\/div>\n\n\n\n<div class=\"wp-block-column is-vertically-aligned-center is-content-justification-left is-layout-constrained wp-container-core-column-is-layout-12dd3699 wp-block-column-is-layout-constrained\">\n<h3 class=\"wp-block-heading has-text-align-left has-text-color has-suranna-font-family\" style=\"color:#000000;margin-top:0.5rem;margin-bottom:0rem;font-size:40px;font-style:normal;font-weight:500;letter-spacing:0px;line-height:1.3\">Buffets<\/h3>\n\n\n\n<hr class=\"wp-block-separator has-alpha-channel-opacity\"\/>\n\n\n\n<p class=\"has-text-color has-link-color has-pontano-sans-font-family wp-elements-d1bf8ec31228dc8320f6a76d9f28f063\" style=\"color:#000000;font-size:18px\">Nos buffets sont pens\u00e9s pour offrir \u00e0 nos visiteurs un moment gourmand, g\u00e9n\u00e9reux et convivial. Chaque jour, nous pr\u00e9parons une s\u00e9lection de plats vari\u00e9s, m\u00ealant saveurs locales, recettes maison et produits frais soigneusement choisis.<br><\/p>\n\n\n\n<p class=\"has-text-color has-link-color has-pontano-sans-font-family wp-elements-cf141ddda016d98cede58debc7ff5b69\" style=\"color:#000000;font-size:18px\">Que vous veniez en famille, entre amis ou pour une occasion sp\u00e9ciale, nous mettons tout en \u0153uvre pour que chaque assiette soit un plaisir. Gr\u00e2ce \u00e0 notre service chaleureux et notre cadre authentique, nos buffets deviennent plus qu\u2019un repas : une v\u00e9ritable exp\u00e9rience \u00e0 partager.<\/p>\n\n\n\n<p class=\"has-text-color has-link-color has-pontano-sans-font-family wp-elements-4cde5be859da451f26fa1b0bb9f4e45f\" style=\"color:#000000;font-size:18px\"><\/p>\n\n\n\n<div class=\"wp-block-buttons is-horizontal is-content-justification-left is-layout-flex wp-container-core-buttons-is-layout-324fa30b wp-block-buttons-is-layout-flex\" style=\"margin-top:20px\"><\/div>\n<\/div>\n<\/div>\n<\/div>\n<\/div>\n\n\n\n<div class=\"wp-block-group alignfull is-layout-constrained wp-container-core-group-is-layout-4383d167 wp-block-group-is-layout-constrained\">\n<div class=\"wp-block-group alignwide is-layout-constrained wp-container-core-group-is-layout-0b33fed8 wp-block-group-is-layout-constrained\" style=\"margin-top:0;margin-bottom:0;padding-bottom:0px\">\n<div class=\"wp-block-columns is-layout-flex wp-container-core-columns-is-layout-92515837 wp-block-columns-is-layout-flex\">\n<div class=\"wp-block-column is-vertically-aligned-center is-content-justification-left is-layout-constrained wp-container-core-column-is-layout-12dd3699 wp-block-column-is-layout-constrained\">\n<h3 class=\"wp-block-heading has-text-align-left has-text-color has-suranna-font-family\" style=\"color:#000000;margin-top:0.5rem;margin-bottom:0rem;font-size:40px;font-style:normal;font-weight:500;letter-spacing:0px;line-height:1.3\">Organisation de c\u00e9r\u00e9monie <\/h3>\n\n\n\n<hr class=\"wp-block-separator has-alpha-channel-opacity\"\/>\n\n\n\n<p class=\"has-text-color has-link-color has-pontano-sans-font-family wp-elements-e03b80d608e89a5ca719d2e2dbc1c3c6\" style=\"color:#000000;font-size:18px\">Nous organisons vos c\u00e9r\u00e9monies avec soin, cr\u00e9ativit\u00e9 et professionnalisme afin de transformer chaque \u00e9v\u00e9nement en un moment inoubliable. Qu\u2019il s\u2019agisse d\u2019un anniversaire, d\u2019un mariage, d\u2019une f\u00eate priv\u00e9e ou d\u2019une r\u00e9ception sp\u00e9ciale, nous nous chargeons de tout : d\u00e9coration, ambiance, coordination et accompagnement personnalis\u00e9.<br><\/p>\n\n\n\n<p class=\"has-text-color has-link-color has-pontano-sans-font-family wp-elements-4f7b231970eeccb69ce52fad527237e6\" style=\"color:#000000;font-size:18px\">Gr\u00e2ce \u00e0 notre cadre unique, entre nature et atmosph\u00e8re apaisante, nous offrons un lieu id\u00e9al pour c\u00e9l\u00e9brer vos moments importants. Notre \u00e9quipe veille \u00e0 chaque d\u00e9tail pour que votre c\u00e9r\u00e9monie soit parfaitement \u00e0 votre image, chaleureuse, \u00e9l\u00e9gante et m\u00e9morable.<\/p>\n\n\n\n<p class=\"has-text-color has-link-color has-pontano-sans-font-family wp-elements-4cde5be859da451f26fa1b0bb9f4e45f\" style=\"color:#000000;font-size:18px\"><\/p>\n\n\n\n<div class=\"wp-block-buttons is-horizontal is-content-justification-left is-layout-flex wp-container-core-buttons-is-layout-324fa30b wp-block-buttons-is-layout-flex\" style=\"margin-top:20px\"><\/div>\n<\/div>\n\n\n\n<div class=\"wp-block-column is-layout-flow wp-block-column-is-layout-flow\">\n<figure class=\"wp-block-image alignright size-full is-resized has-custom-border\"><img loading=\"lazy\" decoding=\"async\" width=\"1170\" height=\"1146\" src=\"https:\/\/projet2.ulcastudio.com\/wp-content\/uploads\/2025\/09\/IMG_4088-2.jpeg\" alt=\"\" class=\"wp-image-30\" style=\"border-radius:30px;aspect-ratio:0.6666666666666666;object-fit:cover;width:457px;height:auto\" srcset=\"https:\/\/projet2.ulcastudio.com\/wp-content\/uploads\/2025\/09\/IMG_4088-2.jpeg 1170w, https:\/\/projet2.ulcastudio.com\/wp-content\/uploads\/2025\/09\/IMG_4088-2-300x294.jpeg 300w, https:\/\/projet2.ulcastudio.com\/wp-content\/uploads\/2025\/09\/IMG_4088-2-1024x1003.jpeg 1024w, https:\/\/projet2.ulcastudio.com\/wp-content\/uploads\/2025\/09\/IMG_4088-2-768x752.jpeg 768w\" sizes=\"auto, (max-width: 1170px) 100vw, 1170px\" \/><\/figure>\n<\/div>\n<\/div>\n<\/div>\n<\/div>\n\n\n\n<div class=\"wp-block-group alignfull is-layout-constrained wp-container-core-group-is-layout-03b78967 wp-block-group-is-layout-constrained\" style=\"min-height:0px;margin-top:var(--wp--preset--spacing--20);margin-bottom:var(--wp--preset--spacing--20);padding-right:0;padding-left:0\">\n<div class=\"wp-block-group alignwide is-layout-constrained wp-container-core-group-is-layout-0b33fed8 wp-block-group-is-layout-constrained\" style=\"margin-top:0;margin-bottom:0;padding-bottom:0px\">\n<div class=\"wp-block-columns is-layout-flex wp-container-core-columns-is-layout-92515837 wp-block-columns-is-layout-flex\">\n<div class=\"wp-block-column is-layout-flow wp-block-column-is-layout-flow\">\n<figure class=\"wp-block-image alignleft size-full has-custom-border\"><img loading=\"lazy\" decoding=\"async\" width=\"1170\" height=\"714\" src=\"https:\/\/projet2.ulcastudio.com\/wp-content\/uploads\/2025\/09\/IMG_4102-1.jpeg\" alt=\"\" class=\"wp-image-37\" style=\"border-radius:30px\" srcset=\"https:\/\/projet2.ulcastudio.com\/wp-content\/uploads\/2025\/09\/IMG_4102-1.jpeg 1170w, https:\/\/projet2.ulcastudio.com\/wp-content\/uploads\/2025\/09\/IMG_4102-1-300x183.jpeg 300w, https:\/\/projet2.ulcastudio.com\/wp-content\/uploads\/2025\/09\/IMG_4102-1-1024x625.jpeg 1024w, https:\/\/projet2.ulcastudio.com\/wp-content\/uploads\/2025\/09\/IMG_4102-1-768x469.jpeg 768w\" sizes=\"auto, (max-width: 1170px) 100vw, 1170px\" \/><\/figure>\n<\/div>\n\n\n\n<div class=\"wp-block-column is-vertically-aligned-center is-content-justification-left is-layout-constrained wp-container-core-column-is-layout-12dd3699 wp-block-column-is-layout-constrained\">\n<h3 class=\"wp-block-heading has-text-align-left has-text-color has-suranna-font-family\" style=\"color:#000000;margin-top:0.5rem;margin-bottom:0rem;font-size:40px;font-style:normal;font-weight:500;letter-spacing:0px;line-height:1.3\">Randonn\u00e9 et balade en bateau <\/h3>\n\n\n\n<hr class=\"wp-block-separator has-alpha-channel-opacity\"\/>\n\n\n\n<p class=\"has-text-color has-link-color has-pontano-sans-font-family wp-elements-7cceab5af5bbb315fdc2b017bc268508\" style=\"color:#000000;font-size:18px\">Nous proposons des randonn\u00e9es et des balades en bateau pour vous faire d\u00e9couvrir la beaut\u00e9 naturelle qui entoure Cap Caravane. \u00c0 travers nos parcours de marche, nous vous guidons au c\u0153ur de paysages authentiques, entre sentiers ombrag\u00e9s, points de vue magnifiques et espaces encore pr\u00e9serv\u00e9s.<br>Sur l\u2019eau, nos balades en bateau offrent un moment de d\u00e9tente unique, id\u00e9al pour admirer la nature sous un autre angle, profiter du calme et vivre une exp\u00e9rience paisible en famille ou entre amis.<br>Que vous soyez amateur d\u2019aventure ou en qu\u00eate de tranquillit\u00e9, nous vous accompagnons pour cr\u00e9er des souvenirs inoubliables.<\/p>\n\n\n\n<div class=\"wp-block-buttons is-horizontal is-content-justification-left is-layout-flex wp-container-core-buttons-is-layout-324fa30b wp-block-buttons-is-layout-flex\" style=\"margin-top:20px\"><\/div>\n<\/div>\n<\/div>\n<\/div>\n<\/div>\n\n\n\n<section class=\"wp-block-cover alignfull is-light\" style=\"margin-top:0px;padding-top:1.01rem;padding-bottom:1.01rem;min-height:430px;aspect-ratio:unset;\"><img loading=\"lazy\" decoding=\"async\" width=\"1024\" height=\"1019\" class=\"wp-block-cover__image-background wp-image-33 size-large\" alt=\"\" src=\"https:\/\/projet2.ulcastudio.com\/wp-content\/uploads\/2025\/09\/IMG_4104-1-1024x1019.jpeg\" data-object-fit=\"cover\" srcset=\"https:\/\/projet2.ulcastudio.com\/wp-content\/uploads\/2025\/09\/IMG_4104-1-1024x1019.jpeg 1024w, https:\/\/projet2.ulcastudio.com\/wp-content\/uploads\/2025\/09\/IMG_4104-1-300x298.jpeg 300w, https:\/\/projet2.ulcastudio.com\/wp-content\/uploads\/2025\/09\/IMG_4104-1-150x150.jpeg 150w, https:\/\/projet2.ulcastudio.com\/wp-content\/uploads\/2025\/09\/IMG_4104-1-768x764.jpeg 768w, https:\/\/projet2.ulcastudio.com\/wp-content\/uploads\/2025\/09\/IMG_4104-1.jpeg 1170w\" sizes=\"auto, (max-width: 1024px) 100vw, 1024px\" \/><span aria-hidden=\"true\" class=\"wp-block-cover__background has-background-dim-0 has-background-dim\" style=\"background-color:#edf1f2\"><\/span><div class=\"wp-block-cover__inner-container is-layout-constrained wp-container-core-cover-is-layout-b1bebcb3 wp-block-cover-is-layout-constrained\">\n<div class=\"wp-block-group has-text-color is-layout-flow wp-block-group-is-layout-flow\" style=\"color:#fffffd;margin-top:0px;padding-top:0rem;padding-right:1rem;padding-bottom:0rem;padding-left:1rem;font-size:1.13rem;font-style:normal;font-weight:400;line-height:1.4\">\n<div class=\"wp-block-group is-layout-constrained wp-container-core-group-is-layout-bdbfdc43 wp-block-group-is-layout-constrained\">\n<p class=\"has-text-align-center has-text-color\" style=\"color:#fffffd;margin-bottom:0rem;font-size:2.51rem;font-style:normal;font-weight:400;line-height:1.2\"><\/p>\n<\/div>\n\n\n\n<div class=\"wp-block-group is-vertical is-content-justification-stretch is-layout-flex wp-container-core-group-is-layout-bfdebe91 wp-block-group-is-layout-flex\" style=\"margin-top:1.81rem;padding-right:0px;padding-left:0px\">\n<div class=\"wp-block-group is-content-justification-center is-layout-constrained wp-container-core-group-is-layout-2f0bcb29 wp-block-group-is-layout-constrained\" style=\"margin-top:0px\">\n<div class=\"wp-block-buttons is-horizontal is-content-justification-right is-layout-flex wp-container-core-buttons-is-layout-099266fd wp-block-buttons-is-layout-flex\" style=\"margin-top:0.51rem\">\n<div class=\"wp-block-button has-custom-width wp-block-button__width-100 is-style-fill\"><a class=\"wp-block-button__link has-text-color has-background has-custom-font-size wp-element-button\" href=\"https:\/\/projet2.ulcastudio.com\/index.php\/contact\/\" style=\"border-style:none;border-width:0px;border-radius:0rem;color:#fffffd;background-color:#e27013;padding-top:0.71rem;padding-right:0.31rem;padding-bottom:0.71rem;padding-left:0.31rem;font-size:1.01rem;font-style:normal;font-weight:600;line-height:1.5;text-transform:uppercase\">Contactez-nous<\/a><\/div>\n<\/div>\n<\/div>\n<\/div>\n<\/div>\n<\/div><\/section>\n\n\n\n<p><\/p>\n","protected":false},"excerpt":{"rendered":"<p>Buffets Nos buffets sont pens\u00e9s pour offrir \u00e0 nos visiteurs un moment gourmand, g\u00e9n\u00e9reux et convivial. Chaque jour, nous pr\u00e9parons [&hellip;]<\/p>\n","protected":false},"author":1,"featured_media":0,"parent":0,"menu_order":0,"comment_status":"closed","ping_status":"closed","template":"","meta":{"site-sidebar-layout":"default","site-content-layout":"","ast-site-content-layout":"default","site-content-style":"default","site-sidebar-style":"default","ast-global-header-display":"","ast-banner-title-visibility":"","ast-main-header-display":"","ast-hfb-above-header-display":"","ast-hfb-below-header-display":"","ast-hfb-mobile-header-display":"","site-post-title":"","ast-breadcrumbs-content":"","ast-featured-img":"","footer-sml-layout":"","ast-disable-related-posts":"","theme-transparent-header-meta":"","adv-header-id-meta":"","stick-header-meta":"","header-above-stick-meta":"","header-main-stick-meta":"","header-below-stick-meta":"","astra-migrate-meta-layouts":"default","ast-page-background-enabled":"default","ast-page-background-meta":{"desktop":{"background-color":"var(--ast-global-color-5)","background-image":"","background-repeat":"repeat","background-position":"center center","background-size":"auto","background-attachment":"scroll","background-type":"","background-media":"","overlay-type":"","overlay-color":"","overlay-opacity":"","overlay-gradient":""},"tablet":{"background-color":"","background-image":"","background-repeat":"repeat","background-position":"center center","background-size":"auto","background-attachment":"scroll","background-type":"","background-media":"","overlay-type":"","overlay-color":"","overlay-opacity":"","overlay-gradient":""},"mobile":{"background-color":"","background-image":"","background-repeat":"repeat","background-position":"center center","background-size":"auto","background-attachment":"scroll","background-type":"","background-media":"","overlay-type":"","overlay-color":"","overlay-opacity":"","overlay-gradient":""}},"ast-content-background-meta":{"desktop":{"background-color":"var(--ast-global-color-4)","background-image":"","background-repeat":"repeat","background-position":"center center","background-size":"auto","background-attachment":"scroll","background-type":"","background-media":"","overlay-type":"","overlay-color":"","overlay-opacity":"","overlay-gradient":""},"tablet":{"background-color":"var(--ast-global-color-4)","background-image":"","background-repeat":"repeat","background-position":"center center","background-size":"auto","background-attachment":"scroll","background-type":"","background-media":"","overlay-type":"","overlay-color":"","overlay-opacity":"","overlay-gradient":""},"mobile":{"background-color":"var(--ast-global-color-4)","background-image":"","background-repeat":"repeat","background-position":"center center","background-size":"auto","background-attachment":"scroll","background-type":"","background-media":"","overlay-type":"","overlay-color":"","overlay-opacity":"","overlay-gradient":""}},"footnotes":""},"class_list":["post-14","page","type-page","status-publish","hentry"],"yoast_head":"<!-- This site is optimized with the Yoast SEO plugin v26.4 - https:\/\/yoast.com\/wordpress\/plugins\/seo\/ -->\n<title>Services -<\/title>\n<meta name=\"robots\" content=\"index, follow, max-snippet:-1, max-image-preview:large, max-video-preview:-1\" \/>\n<link rel=\"canonical\" href=\"https:\/\/projet2.ulcastudio.com\/index.php\/services\/\" \/>\n<meta property=\"og:locale\" content=\"fr_FR\" \/>\n<meta property=\"og:type\" content=\"article\" \/>\n<meta property=\"og:title\" content=\"Services -\" \/>\n<meta property=\"og:description\" content=\"Buffets Nos buffets sont pens\u00e9s pour offrir \u00e0 nos visiteurs un moment gourmand, g\u00e9n\u00e9reux et convivial. Chaque jour, nous pr\u00e9parons [&hellip;]\" \/>\n<meta property=\"og:url\" content=\"https:\/\/projet2.ulcastudio.com\/index.php\/services\/\" \/>\n<meta property=\"article:modified_time\" content=\"2025-11-27T13:26:13+00:00\" \/>\n<meta property=\"og:image\" content=\"https:\/\/projet2.ulcastudio.com\/wp-content\/uploads\/2025\/09\/IMG_4093-1.jpeg\" \/>\n\t<meta property=\"og:image:width\" content=\"1170\" \/>\n\t<meta property=\"og:image:height\" content=\"1161\" \/>\n\t<meta property=\"og:image:type\" content=\"image\/jpeg\" \/>\n<meta name=\"twitter:card\" content=\"summary_large_image\" \/>\n<meta name=\"twitter:label1\" content=\"Dur\u00e9e de lecture estim\u00e9e\" \/>\n\t<meta name=\"twitter:data1\" content=\"2 minutes\" \/>\n<script type=\"application\/ld+json\" class=\"yoast-schema-graph\">{\"@context\":\"https:\/\/schema.org\",\"@graph\":[{\"@type\":\"WebPage\",\"@id\":\"https:\/\/projet2.ulcastudio.com\/index.php\/services\/\",\"url\":\"https:\/\/projet2.ulcastudio.com\/index.php\/services\/\",\"name\":\"Services -\",\"isPartOf\":{\"@id\":\"https:\/\/projet2.ulcastudio.com\/#website\"},\"primaryImageOfPage\":{\"@id\":\"https:\/\/projet2.ulcastudio.com\/index.php\/services\/#primaryimage\"},\"image\":{\"@id\":\"https:\/\/projet2.ulcastudio.com\/index.php\/services\/#primaryimage\"},\"thumbnailUrl\":\"https:\/\/projet2.ulcastudio.com\/wp-content\/uploads\/2025\/09\/IMG_4093-1.jpeg\",\"datePublished\":\"2025-09-26T09:56:41+00:00\",\"dateModified\":\"2025-11-27T13:26:13+00:00\",\"breadcrumb\":{\"@id\":\"https:\/\/projet2.ulcastudio.com\/index.php\/services\/#breadcrumb\"},\"inLanguage\":\"fr-FR\",\"potentialAction\":[{\"@type\":\"ReadAction\",\"target\":[\"https:\/\/projet2.ulcastudio.com\/index.php\/services\/\"]}]},{\"@type\":\"ImageObject\",\"inLanguage\":\"fr-FR\",\"@id\":\"https:\/\/projet2.ulcastudio.com\/index.php\/services\/#primaryimage\",\"url\":\"https:\/\/projet2.ulcastudio.com\/wp-content\/uploads\/2025\/09\/IMG_4093-1.jpeg\",\"contentUrl\":\"https:\/\/projet2.ulcastudio.com\/wp-content\/uploads\/2025\/09\/IMG_4093-1.jpeg\",\"width\":1170,\"height\":1161},{\"@type\":\"BreadcrumbList\",\"@id\":\"https:\/\/projet2.ulcastudio.com\/index.php\/services\/#breadcrumb\",\"itemListElement\":[{\"@type\":\"ListItem\",\"position\":1,\"name\":\"Accueil\",\"item\":\"https:\/\/projet2.ulcastudio.com\/\"},{\"@type\":\"ListItem\",\"position\":2,\"name\":\"Services\"}]},{\"@type\":\"WebSite\",\"@id\":\"https:\/\/projet2.ulcastudio.com\/#website\",\"url\":\"https:\/\/projet2.ulcastudio.com\/\",\"name\":\"Cap Caravane\",\"description\":\"\",\"publisher\":{\"@id\":\"https:\/\/projet2.ulcastudio.com\/#organization\"},\"potentialAction\":[{\"@type\":\"SearchAction\",\"target\":{\"@type\":\"EntryPoint\",\"urlTemplate\":\"https:\/\/projet2.ulcastudio.com\/?s={search_term_string}\"},\"query-input\":{\"@type\":\"PropertyValueSpecification\",\"valueRequired\":true,\"valueName\":\"search_term_string\"}}],\"inLanguage\":\"fr-FR\"},{\"@type\":\"Organization\",\"@id\":\"https:\/\/projet2.ulcastudio.com\/#organization\",\"name\":\"Cap Caravane\",\"url\":\"https:\/\/projet2.ulcastudio.com\/\",\"logo\":{\"@type\":\"ImageObject\",\"inLanguage\":\"fr-FR\",\"@id\":\"https:\/\/projet2.ulcastudio.com\/#\/schema\/logo\/image\/\",\"url\":\"https:\/\/projet2.ulcastudio.com\/wp-content\/uploads\/2025\/09\/maxresdefault-1.jpg\",\"contentUrl\":\"https:\/\/projet2.ulcastudio.com\/wp-content\/uploads\/2025\/09\/maxresdefault-1.jpg\",\"width\":1280,\"height\":720,\"caption\":\"Cap Caravane\"},\"image\":{\"@id\":\"https:\/\/projet2.ulcastudio.com\/#\/schema\/logo\/image\/\"}}]}<\/script>\n<!-- \/ Yoast SEO plugin. -->","yoast_head_json":{"title":"Services -","robots":{"index":"index","follow":"follow","max-snippet":"max-snippet:-1","max-image-preview":"max-image-preview:large","max-video-preview":"max-video-preview:-1"},"canonical":"https:\/\/projet2.ulcastudio.com\/index.php\/services\/","og_locale":"fr_FR","og_type":"article","og_title":"Services -","og_description":"Buffets Nos buffets sont pens\u00e9s pour offrir \u00e0 nos visiteurs un moment gourmand, g\u00e9n\u00e9reux et convivial. Chaque jour, nous pr\u00e9parons [&hellip;]","og_url":"https:\/\/projet2.ulcastudio.com\/index.php\/services\/","article_modified_time":"2025-11-27T13:26:13+00:00","og_image":[{"width":1170,"height":1161,"url":"https:\/\/projet2.ulcastudio.com\/wp-content\/uploads\/2025\/09\/IMG_4093-1.jpeg","type":"image\/jpeg"}],"twitter_card":"summary_large_image","twitter_misc":{"Dur\u00e9e de lecture estim\u00e9e":"2 minutes"},"schema":{"@context":"https:\/\/schema.org","@graph":[{"@type":"WebPage","@id":"https:\/\/projet2.ulcastudio.com\/index.php\/services\/","url":"https:\/\/projet2.ulcastudio.com\/index.php\/services\/","name":"Services -","isPartOf":{"@id":"https:\/\/projet2.ulcastudio.com\/#website"},"primaryImageOfPage":{"@id":"https:\/\/projet2.ulcastudio.com\/index.php\/services\/#primaryimage"},"image":{"@id":"https:\/\/projet2.ulcastudio.com\/index.php\/services\/#primaryimage"},"thumbnailUrl":"https:\/\/projet2.ulcastudio.com\/wp-content\/uploads\/2025\/09\/IMG_4093-1.jpeg","datePublished":"2025-09-26T09:56:41+00:00","dateModified":"2025-11-27T13:26:13+00:00","breadcrumb":{"@id":"https:\/\/projet2.ulcastudio.com\/index.php\/services\/#breadcrumb"},"inLanguage":"fr-FR","potentialAction":[{"@type":"ReadAction","target":["https:\/\/projet2.ulcastudio.com\/index.php\/services\/"]}]},{"@type":"ImageObject","inLanguage":"fr-FR","@id":"https:\/\/projet2.ulcastudio.com\/index.php\/services\/#primaryimage","url":"https:\/\/projet2.ulcastudio.com\/wp-content\/uploads\/2025\/09\/IMG_4093-1.jpeg","contentUrl":"https:\/\/projet2.ulcastudio.com\/wp-content\/uploads\/2025\/09\/IMG_4093-1.jpeg","width":1170,"height":1161},{"@type":"BreadcrumbList","@id":"https:\/\/projet2.ulcastudio.com\/index.php\/services\/#breadcrumb","itemListElement":[{"@type":"ListItem","position":1,"name":"Accueil","item":"https:\/\/projet2.ulcastudio.com\/"},{"@type":"ListItem","position":2,"name":"Services"}]},{"@type":"WebSite","@id":"https:\/\/projet2.ulcastudio.com\/#website","url":"https:\/\/projet2.ulcastudio.com\/","name":"Cap Caravane","description":"","publisher":{"@id":"https:\/\/projet2.ulcastudio.com\/#organization"},"potentialAction":[{"@type":"SearchAction","target":{"@type":"EntryPoint","urlTemplate":"https:\/\/projet2.ulcastudio.com\/?s={search_term_string}"},"query-input":{"@type":"PropertyValueSpecification","valueRequired":true,"valueName":"search_term_string"}}],"inLanguage":"fr-FR"},{"@type":"Organization","@id":"https:\/\/projet2.ulcastudio.com\/#organization","name":"Cap Caravane","url":"https:\/\/projet2.ulcastudio.com\/","logo":{"@type":"ImageObject","inLanguage":"fr-FR","@id":"https:\/\/projet2.ulcastudio.com\/#\/schema\/logo\/image\/","url":"https:\/\/projet2.ulcastudio.com\/wp-content\/uploads\/2025\/09\/maxresdefault-1.jpg","contentUrl":"https:\/\/projet2.ulcastudio.com\/wp-content\/uploads\/2025\/09\/maxresdefault-1.jpg","width":1280,"height":720,"caption":"Cap Caravane"},"image":{"@id":"https:\/\/projet2.ulcastudio.com\/#\/schema\/logo\/image\/"}}]}},"_links":{"self":[{"href":"https:\/\/projet2.ulcastudio.com\/index.php\/wp-json\/wp\/v2\/pages\/14","targetHints":{"allow":["GET"]}}],"collection":[{"href":"https:\/\/projet2.ulcastudio.com\/index.php\/wp-json\/wp\/v2\/pages"}],"about":[{"href":"https:\/\/projet2.ulcastudio.com\/index.php\/wp-json\/wp\/v2\/types\/page"}],"author":[{"embeddable":true,"href":"https:\/\/projet2.ulcastudio.com\/index.php\/wp-json\/wp\/v2\/users\/1"}],"replies":[{"embeddable":true,"href":"https:\/\/projet2.ulcastudio.com\/index.php\/wp-json\/wp\/v2\/comments?post=14"}],"version-history":[{"count":10,"href":"https:\/\/projet2.ulcastudio.com\/index.php\/wp-json\/wp\/v2\/pages\/14\/revisions"}],"predecessor-version":[{"id":113,"href":"https:\/\/projet2.ulcastudio.com\/index.php\/wp-json\/wp\/v2\/pages\/14\/revisions\/113"}],"wp:attachment":[{"href":"https:\/\/projet2.ulcastudio.com\/index.php\/wp-json\/wp\/v2\/media?parent=14"}],"curies":[{"name":"wp","href":"https:\/\/api.w.org\/{rel}","templated":true}]}}