{"id":12,"date":"2025-09-26T11:56:12","date_gmt":"2025-09-26T09:56:12","guid":{"rendered":"https:\/\/projet2.ulcastudio.com\/?page_id=12"},"modified":"2025-11-27T14:30:55","modified_gmt":"2025-11-27T13:30:55","slug":"a-propos","status":"publish","type":"page","link":"https:\/\/projet2.ulcastudio.com\/index.php\/a-propos\/","title":{"rendered":"A propos"},"content":{"rendered":"\n<section class=\"wp-block-group alignfull is-layout-constrained wp-container-core-group-is-layout-9a9dce43 wp-block-group-is-layout-constrained\" style=\"margin-top:0px;margin-bottom:0;padding-top:0rem;padding-right:0;padding-bottom:0rem;padding-left:0;font-size:0rem;font-style:normal;font-weight:400;line-height:1.4\">\n<div class=\"wp-block-columns is-layout-flex wp-container-core-columns-is-layout-03ad6a19 wp-block-columns-is-layout-flex\" style=\"margin-bottom:0px\">\n<div class=\"wp-block-column is-vertically-aligned-center is-layout-flow wp-block-column-is-layout-flow\" style=\"flex-basis:50%\">\n<figure class=\"wp-block-image alignleft size-full is-resized has-custom-border\"><img loading=\"lazy\" decoding=\"async\" width=\"1008\" height=\"1024\" src=\"https:\/\/projet2.ulcastudio.com\/wp-content\/uploads\/2025\/09\/IMG_4090-1-1008x1024-1.jpeg\" alt=\"\" class=\"wp-image-31\" style=\"border-radius:31px;aspect-ratio:1;object-fit:cover;width:480px;height:auto\" srcset=\"https:\/\/projet2.ulcastudio.com\/wp-content\/uploads\/2025\/09\/IMG_4090-1-1008x1024-1.jpeg 1008w, https:\/\/projet2.ulcastudio.com\/wp-content\/uploads\/2025\/09\/IMG_4090-1-1008x1024-1-295x300.jpeg 295w, https:\/\/projet2.ulcastudio.com\/wp-content\/uploads\/2025\/09\/IMG_4090-1-1008x1024-1-768x780.jpeg 768w\" sizes=\"auto, (max-width: 1008px) 100vw, 1008px\" \/><\/figure>\n<\/div>\n\n\n\n<div class=\"wp-block-column is-vertically-aligned-center is-layout-constrained wp-container-core-column-is-layout-c4a7d96a wp-block-column-is-layout-constrained\" style=\"flex-basis:50%\">\n<h3 class=\"wp-block-heading has-text-align-left has-text-color has-suranna-font-family\" style=\"color:#000000;margin-top:0.5rem;margin-bottom:0rem;font-size:40px;font-style:normal;font-weight:500;letter-spacing:0px;line-height:1.3\"><\/h3>\n\n\n\n<p class=\"has-text-align-left has-text-color has-pontano-sans-font-family\" style=\"color:#000000;margin-top:20px;margin-bottom:20px;font-size:18px;font-style:normal;font-weight:400;line-height:1.5\">\u00c0 Cap Caravane, nous vous invitons \u00e0 vivre une exp\u00e9rience unique dans un cadre naturel exceptionnel, o\u00f9 l\u2019eau, la verdure et la tranquillit\u00e9 se rencontrent harmonieusement. Ici, chaque visite est une parenth\u00e8se de bien-\u00eatre : un endroit o\u00f9 l\u2019on peut se ressourcer, profiter du calme, partager un repas au bord de l\u2019eau ou simplement admirer la beaut\u00e9 du paysage.<br>Notre site offre un environnement paisible, id\u00e9al pour se reconnecter \u00e0 la nature, se d\u00e9tendre en famille ou entre amis, et savourer des moments authentiques loin du stress quotidien. Entre buffets, activit\u00e9s et ambiance chaleureuse, Cap Caravane est l\u2019endroit parfait pour commencer votre voyage vers la s\u00e9r\u00e9nit\u00e9 et la d\u00e9couverte.<\/p>\n\n\n\n<div class=\"wp-block-buttons is-horizontal is-content-justification-left is-layout-flex wp-container-core-buttons-is-layout-2c34cf1c wp-block-buttons-is-layout-flex\" style=\"margin-top:0.51rem\">\n<div class=\"wp-block-button has-custom-width wp-block-button__width-50 is-style-fill\"><a class=\"wp-block-button__link has-text-color has-background has-pontano-sans-font-family has-custom-font-size wp-element-button\" href=\"https:\/\/projet2.ulcastudio.com\/index.php\/contact\/\" style=\"border-style:none;border-width:0px;border-radius:0rem;color:#fffffd;background-color:#e27013;padding-top:0.71rem;padding-right:0.31rem;padding-bottom:0.71rem;padding-left:0.31rem;font-size:1.01rem;font-style:normal;font-weight:600;letter-spacing:1px;line-height:1.5;text-transform:uppercase\">Contactez-nous<\/a><\/div>\n<\/div>\n<\/div>\n<\/div>\n<\/section>\n\n\n\n<div class=\"wp-block-cover alignfull is-light\" style=\"margin-top:0;margin-bottom:0;padding-top:1.2rem;padding-right:0;padding-bottom:1.2rem;padding-left:0\"><span aria-hidden=\"true\" class=\"wp-block-cover__background has-background-dim-10 has-background-dim\" style=\"background-color:#e27013\"><\/span><div class=\"wp-block-cover__inner-container is-layout-constrained wp-container-core-cover-is-layout-2e67a04c wp-block-cover-is-layout-constrained\">\n<h2 class=\"wp-block-heading has-text-align-center has-text-color has-link-color has-suranna-font-family wp-elements-cbf789d967aad43e573c326418f39135\" style=\"color:#000000;font-size:40px;font-style:normal;font-weight:500;letter-spacing:1px\"><\/h2>\n\n\n\n<p class=\"has-text-align-center has-text-color has-link-color wp-elements-6a296764a35a07d48308ab7d3f443a6e\" style=\"color:#000000;font-size:18px\">Venez d\u00e9couvrir\u00a0<strong>Cap Caravane<\/strong>, un lieu unique o\u00f9 d\u00e9tente, nature et gourmandise se rencontrent. Que ce soit pour savourer un buffet sur notre caravane flottante, vous rafra\u00eechir dans notre piscine ou explorer les environs lors de nos randonn\u00e9es guid\u00e9es, chaque visite promet des moments inoubliables. Offrez-vous une parenth\u00e8se hors du quotidien et partagez des exp\u00e9riences m\u00e9morables en famille, entre amis ou en couple.\u00a0<strong>Rejoignez-nous et laissez-vous s\u00e9duire par l\u2019aventure et la s\u00e9r\u00e9nit\u00e9 de Cap Caravane !<\/strong><\/p>\n\n\n\n<figure class=\"wp-block-image size-large has-custom-border\"><img loading=\"lazy\" decoding=\"async\" width=\"1024\" height=\"1004\" src=\"https:\/\/projet2.ulcastudio.com\/wp-content\/uploads\/2025\/09\/IMG_4084-1-1024x1004.jpeg\" alt=\"\" class=\"wp-image-34\" style=\"border-radius:31px\" srcset=\"https:\/\/projet2.ulcastudio.com\/wp-content\/uploads\/2025\/09\/IMG_4084-1-1024x1004.jpeg 1024w, https:\/\/projet2.ulcastudio.com\/wp-content\/uploads\/2025\/09\/IMG_4084-1-300x294.jpeg 300w, https:\/\/projet2.ulcastudio.com\/wp-content\/uploads\/2025\/09\/IMG_4084-1-768x753.jpeg 768w, https:\/\/projet2.ulcastudio.com\/wp-content\/uploads\/2025\/09\/IMG_4084-1.jpeg 1170w\" sizes=\"auto, (max-width: 1024px) 100vw, 1024px\" \/><\/figure>\n<\/div><\/div>\n\n\n\n<section class=\"wp-block-cover alignfull is-light\" style=\"margin-top:0px;padding-top:1.01rem;padding-bottom:1.01rem;min-height:430px;aspect-ratio:unset;\"><img loading=\"lazy\" decoding=\"async\" width=\"840\" height=\"1024\" class=\"wp-block-cover__image-background wp-image-38 size-large\" alt=\"\" src=\"https:\/\/projet2.ulcastudio.com\/wp-content\/uploads\/2025\/09\/IMG_4098-1-840x1024.jpeg\" data-object-fit=\"cover\" srcset=\"https:\/\/projet2.ulcastudio.com\/wp-content\/uploads\/2025\/09\/IMG_4098-1-840x1024.jpeg 840w, https:\/\/projet2.ulcastudio.com\/wp-content\/uploads\/2025\/09\/IMG_4098-1-246x300.jpeg 246w, https:\/\/projet2.ulcastudio.com\/wp-content\/uploads\/2025\/09\/IMG_4098-1-768x936.jpeg 768w, https:\/\/projet2.ulcastudio.com\/wp-content\/uploads\/2025\/09\/IMG_4098-1.jpeg 1170w\" sizes=\"auto, (max-width: 840px) 100vw, 840px\" \/><span aria-hidden=\"true\" class=\"wp-block-cover__background has-background-dim-0 has-background-dim\" style=\"background-color:#edf1f2\"><\/span><div class=\"wp-block-cover__inner-container is-layout-constrained wp-container-core-cover-is-layout-b1bebcb3 wp-block-cover-is-layout-constrained\">\n<div class=\"wp-block-group has-text-color is-layout-flow wp-block-group-is-layout-flow\" style=\"color:#fffffd;margin-top:0px;padding-top:0rem;padding-right:1rem;padding-bottom:0rem;padding-left:1rem;font-size:1.13rem;font-style:normal;font-weight:400;line-height:1.4\">\n<div class=\"wp-block-group is-layout-constrained wp-container-core-group-is-layout-bdbfdc43 wp-block-group-is-layout-constrained\">\n<p class=\"has-text-align-center has-text-color\" style=\"color:#fffffd;margin-bottom:0rem;font-size:2.51rem;font-style:normal;font-weight:400;line-height:1.2\"><\/p>\n\n\n\n<p class=\"has-text-align-center has-text-color\" style=\"color:#fffffd;margin-bottom:0rem;font-size:2.51rem;font-style:normal;font-weight:400;line-height:1.2\"><\/p>\n<\/div>\n\n\n\n<div class=\"wp-block-group is-vertical is-content-justification-stretch is-layout-flex wp-container-core-group-is-layout-bfdebe91 wp-block-group-is-layout-flex\" style=\"margin-top:1.81rem;padding-right:0px;padding-left:0px\">\n<div class=\"wp-block-group is-content-justification-center is-layout-constrained wp-container-core-group-is-layout-2f0bcb29 wp-block-group-is-layout-constrained\" style=\"margin-top:0px\">\n<div class=\"wp-block-buttons is-horizontal is-content-justification-right is-layout-flex wp-container-core-buttons-is-layout-099266fd wp-block-buttons-is-layout-flex\" style=\"margin-top:0.51rem\">\n<div class=\"wp-block-button has-custom-width wp-block-button__width-100 is-style-fill\"><a class=\"wp-block-button__link has-text-color has-background has-custom-font-size wp-element-button\" href=\"https:\/\/projet2.ulcastudio.com\/index.php\/contact\/\" style=\"border-style:none;border-width:0px;border-radius:0rem;color:#fffffd;background-color:#e27013;padding-top:0.71rem;padding-right:0.31rem;padding-bottom:0.71rem;padding-left:0.31rem;font-size:1.01rem;font-style:normal;font-weight:600;line-height:1.5;text-transform:uppercase\">Contactez-nous<\/a><\/div>\n<\/div>\n<\/div>\n<\/div>\n<\/div>\n<\/div><\/section>\n","protected":false},"excerpt":{"rendered":"<p>\u00c0 Cap Caravane, nous vous invitons \u00e0 vivre une exp\u00e9rience unique dans un cadre naturel exceptionnel, o\u00f9 l\u2019eau, la verdure [&hellip;]<\/p>\n","protected":false},"author":1,"featured_media":0,"parent":0,"menu_order":0,"comment_status":"closed","ping_status":"closed","template":"","meta":{"site-sidebar-layout":"default","site-content-layout":"","ast-site-content-layout":"default","site-content-style":"default","site-sidebar-style":"default","ast-global-header-display":"","ast-banner-title-visibility":"","ast-main-header-display":"","ast-hfb-above-header-display":"","ast-hfb-below-header-display":"","ast-hfb-mobile-header-display":"","site-post-title":"","ast-breadcrumbs-content":"","ast-featured-img":"","footer-sml-layout":"","ast-disable-related-posts":"","theme-transparent-header-meta":"","adv-header-id-meta":"","stick-header-meta":"","header-above-stick-meta":"","header-main-stick-meta":"","header-below-stick-meta":"","astra-migrate-meta-layouts":"default","ast-page-background-enabled":"default","ast-page-background-meta":{"desktop":{"background-color":"var(--ast-global-color-5)","background-image":"","background-repeat":"repeat","background-position":"center center","background-size":"auto","background-attachment":"scroll","background-type":"","background-media":"","overlay-type":"","overlay-color":"","overlay-opacity":"","overlay-gradient":""},"tablet":{"background-color":"","background-image":"","background-repeat":"repeat","background-position":"center center","background-size":"auto","background-attachment":"scroll","background-type":"","background-media":"","overlay-type":"","overlay-color":"","overlay-opacity":"","overlay-gradient":""},"mobile":{"background-color":"","background-image":"","background-repeat":"repeat","background-position":"center center","background-size":"auto","background-attachment":"scroll","background-type":"","background-media":"","overlay-type":"","overlay-color":"","overlay-opacity":"","overlay-gradient":""}},"ast-content-background-meta":{"desktop":{"background-color":"var(--ast-global-color-4)","background-image":"","background-repeat":"repeat","background-position":"center center","background-size":"auto","background-attachment":"scroll","background-type":"","background-media":"","overlay-type":"","overlay-color":"","overlay-opacity":"","overlay-gradient":""},"tablet":{"background-color":"var(--ast-global-color-4)","background-image":"","background-repeat":"repeat","background-position":"center center","background-size":"auto","background-attachment":"scroll","background-type":"","background-media":"","overlay-type":"","overlay-color":"","overlay-opacity":"","overlay-gradient":""},"mobile":{"background-color":"var(--ast-global-color-4)","background-image":"","background-repeat":"repeat","background-position":"center center","background-size":"auto","background-attachment":"scroll","background-type":"","background-media":"","overlay-type":"","overlay-color":"","overlay-opacity":"","overlay-gradient":""}},"footnotes":""},"class_list":["post-12","page","type-page","status-publish","hentry"],"yoast_head":"<!-- This site is optimized with the Yoast SEO plugin v26.4 - https:\/\/yoast.com\/wordpress\/plugins\/seo\/ -->\n<title>A propos -<\/title>\n<meta name=\"robots\" content=\"index, follow, max-snippet:-1, max-image-preview:large, max-video-preview:-1\" \/>\n<link rel=\"canonical\" href=\"https:\/\/projet2.ulcastudio.com\/index.php\/a-propos\/\" \/>\n<meta property=\"og:locale\" content=\"fr_FR\" \/>\n<meta property=\"og:type\" content=\"article\" \/>\n<meta property=\"og:title\" content=\"A propos -\" \/>\n<meta property=\"og:description\" content=\"\u00c0 Cap Caravane, nous vous invitons \u00e0 vivre une exp\u00e9rience unique dans un cadre naturel exceptionnel, o\u00f9 l\u2019eau, la verdure [&hellip;]\" \/>\n<meta property=\"og:url\" content=\"https:\/\/projet2.ulcastudio.com\/index.php\/a-propos\/\" \/>\n<meta property=\"article:modified_time\" content=\"2025-11-27T13:30:55+00:00\" \/>\n<meta property=\"og:image\" content=\"https:\/\/projet2.ulcastudio.com\/wp-content\/uploads\/2025\/09\/IMG_4090-1-1008x1024-1.jpeg\" \/>\n\t<meta property=\"og:image:width\" content=\"1008\" \/>\n\t<meta property=\"og:image:height\" content=\"1024\" \/>\n\t<meta property=\"og:image:type\" content=\"image\/jpeg\" \/>\n<meta name=\"twitter:card\" content=\"summary_large_image\" \/>\n<meta name=\"twitter:label1\" content=\"Dur\u00e9e de lecture estim\u00e9e\" \/>\n\t<meta name=\"twitter:data1\" content=\"1 minute\" \/>\n<script type=\"application\/ld+json\" class=\"yoast-schema-graph\">{\"@context\":\"https:\/\/schema.org\",\"@graph\":[{\"@type\":\"WebPage\",\"@id\":\"https:\/\/projet2.ulcastudio.com\/index.php\/a-propos\/\",\"url\":\"https:\/\/projet2.ulcastudio.com\/index.php\/a-propos\/\",\"name\":\"A propos -\",\"isPartOf\":{\"@id\":\"https:\/\/projet2.ulcastudio.com\/#website\"},\"primaryImageOfPage\":{\"@id\":\"https:\/\/projet2.ulcastudio.com\/index.php\/a-propos\/#primaryimage\"},\"image\":{\"@id\":\"https:\/\/projet2.ulcastudio.com\/index.php\/a-propos\/#primaryimage\"},\"thumbnailUrl\":\"https:\/\/projet2.ulcastudio.com\/wp-content\/uploads\/2025\/09\/IMG_4090-1-1008x1024-1.jpeg\",\"datePublished\":\"2025-09-26T09:56:12+00:00\",\"dateModified\":\"2025-11-27T13:30:55+00:00\",\"breadcrumb\":{\"@id\":\"https:\/\/projet2.ulcastudio.com\/index.php\/a-propos\/#breadcrumb\"},\"inLanguage\":\"fr-FR\",\"potentialAction\":[{\"@type\":\"ReadAction\",\"target\":[\"https:\/\/projet2.ulcastudio.com\/index.php\/a-propos\/\"]}]},{\"@type\":\"ImageObject\",\"inLanguage\":\"fr-FR\",\"@id\":\"https:\/\/projet2.ulcastudio.com\/index.php\/a-propos\/#primaryimage\",\"url\":\"https:\/\/projet2.ulcastudio.com\/wp-content\/uploads\/2025\/09\/IMG_4090-1-1008x1024-1.jpeg\",\"contentUrl\":\"https:\/\/projet2.ulcastudio.com\/wp-content\/uploads\/2025\/09\/IMG_4090-1-1008x1024-1.jpeg\",\"width\":1008,\"height\":1024},{\"@type\":\"BreadcrumbList\",\"@id\":\"https:\/\/projet2.ulcastudio.com\/index.php\/a-propos\/#breadcrumb\",\"itemListElement\":[{\"@type\":\"ListItem\",\"position\":1,\"name\":\"Accueil\",\"item\":\"https:\/\/projet2.ulcastudio.com\/\"},{\"@type\":\"ListItem\",\"position\":2,\"name\":\"A propos\"}]},{\"@type\":\"WebSite\",\"@id\":\"https:\/\/projet2.ulcastudio.com\/#website\",\"url\":\"https:\/\/projet2.ulcastudio.com\/\",\"name\":\"Cap Caravane\",\"description\":\"\",\"publisher\":{\"@id\":\"https:\/\/projet2.ulcastudio.com\/#organization\"},\"potentialAction\":[{\"@type\":\"SearchAction\",\"target\":{\"@type\":\"EntryPoint\",\"urlTemplate\":\"https:\/\/projet2.ulcastudio.com\/?s={search_term_string}\"},\"query-input\":{\"@type\":\"PropertyValueSpecification\",\"valueRequired\":true,\"valueName\":\"search_term_string\"}}],\"inLanguage\":\"fr-FR\"},{\"@type\":\"Organization\",\"@id\":\"https:\/\/projet2.ulcastudio.com\/#organization\",\"name\":\"Cap Caravane\",\"url\":\"https:\/\/projet2.ulcastudio.com\/\",\"logo\":{\"@type\":\"ImageObject\",\"inLanguage\":\"fr-FR\",\"@id\":\"https:\/\/projet2.ulcastudio.com\/#\/schema\/logo\/image\/\",\"url\":\"https:\/\/projet2.ulcastudio.com\/wp-content\/uploads\/2025\/09\/maxresdefault-1.jpg\",\"contentUrl\":\"https:\/\/projet2.ulcastudio.com\/wp-content\/uploads\/2025\/09\/maxresdefault-1.jpg\",\"width\":1280,\"height\":720,\"caption\":\"Cap Caravane\"},\"image\":{\"@id\":\"https:\/\/projet2.ulcastudio.com\/#\/schema\/logo\/image\/\"}}]}<\/script>\n<!-- \/ Yoast SEO plugin. -->","yoast_head_json":{"title":"A propos -","robots":{"index":"index","follow":"follow","max-snippet":"max-snippet:-1","max-image-preview":"max-image-preview:large","max-video-preview":"max-video-preview:-1"},"canonical":"https:\/\/projet2.ulcastudio.com\/index.php\/a-propos\/","og_locale":"fr_FR","og_type":"article","og_title":"A propos -","og_description":"\u00c0 Cap Caravane, nous vous invitons \u00e0 vivre une exp\u00e9rience unique dans un cadre naturel exceptionnel, o\u00f9 l\u2019eau, la verdure [&hellip;]","og_url":"https:\/\/projet2.ulcastudio.com\/index.php\/a-propos\/","article_modified_time":"2025-11-27T13:30:55+00:00","og_image":[{"width":1008,"height":1024,"url":"https:\/\/projet2.ulcastudio.com\/wp-content\/uploads\/2025\/09\/IMG_4090-1-1008x1024-1.jpeg","type":"image\/jpeg"}],"twitter_card":"summary_large_image","twitter_misc":{"Dur\u00e9e de lecture estim\u00e9e":"1 minute"},"schema":{"@context":"https:\/\/schema.org","@graph":[{"@type":"WebPage","@id":"https:\/\/projet2.ulcastudio.com\/index.php\/a-propos\/","url":"https:\/\/projet2.ulcastudio.com\/index.php\/a-propos\/","name":"A propos -","isPartOf":{"@id":"https:\/\/projet2.ulcastudio.com\/#website"},"primaryImageOfPage":{"@id":"https:\/\/projet2.ulcastudio.com\/index.php\/a-propos\/#primaryimage"},"image":{"@id":"https:\/\/projet2.ulcastudio.com\/index.php\/a-propos\/#primaryimage"},"thumbnailUrl":"https:\/\/projet2.ulcastudio.com\/wp-content\/uploads\/2025\/09\/IMG_4090-1-1008x1024-1.jpeg","datePublished":"2025-09-26T09:56:12+00:00","dateModified":"2025-11-27T13:30:55+00:00","breadcrumb":{"@id":"https:\/\/projet2.ulcastudio.com\/index.php\/a-propos\/#breadcrumb"},"inLanguage":"fr-FR","potentialAction":[{"@type":"ReadAction","target":["https:\/\/projet2.ulcastudio.com\/index.php\/a-propos\/"]}]},{"@type":"ImageObject","inLanguage":"fr-FR","@id":"https:\/\/projet2.ulcastudio.com\/index.php\/a-propos\/#primaryimage","url":"https:\/\/projet2.ulcastudio.com\/wp-content\/uploads\/2025\/09\/IMG_4090-1-1008x1024-1.jpeg","contentUrl":"https:\/\/projet2.ulcastudio.com\/wp-content\/uploads\/2025\/09\/IMG_4090-1-1008x1024-1.jpeg","width":1008,"height":1024},{"@type":"BreadcrumbList","@id":"https:\/\/projet2.ulcastudio.com\/index.php\/a-propos\/#breadcrumb","itemListElement":[{"@type":"ListItem","position":1,"name":"Accueil","item":"https:\/\/projet2.ulcastudio.com\/"},{"@type":"ListItem","position":2,"name":"A propos"}]},{"@type":"WebSite","@id":"https:\/\/projet2.ulcastudio.com\/#website","url":"https:\/\/projet2.ulcastudio.com\/","name":"Cap Caravane","description":"","publisher":{"@id":"https:\/\/projet2.ulcastudio.com\/#organization"},"potentialAction":[{"@type":"SearchAction","target":{"@type":"EntryPoint","urlTemplate":"https:\/\/projet2.ulcastudio.com\/?s={search_term_string}"},"query-input":{"@type":"PropertyValueSpecification","valueRequired":true,"valueName":"search_term_string"}}],"inLanguage":"fr-FR"},{"@type":"Organization","@id":"https:\/\/projet2.ulcastudio.com\/#organization","name":"Cap Caravane","url":"https:\/\/projet2.ulcastudio.com\/","logo":{"@type":"ImageObject","inLanguage":"fr-FR","@id":"https:\/\/projet2.ulcastudio.com\/#\/schema\/logo\/image\/","url":"https:\/\/projet2.ulcastudio.com\/wp-content\/uploads\/2025\/09\/maxresdefault-1.jpg","contentUrl":"https:\/\/projet2.ulcastudio.com\/wp-content\/uploads\/2025\/09\/maxresdefault-1.jpg","width":1280,"height":720,"caption":"Cap Caravane"},"image":{"@id":"https:\/\/projet2.ulcastudio.com\/#\/schema\/logo\/image\/"}}]}},"_links":{"self":[{"href":"https:\/\/projet2.ulcastudio.com\/index.php\/wp-json\/wp\/v2\/pages\/12","targetHints":{"allow":["GET"]}}],"collection":[{"href":"https:\/\/projet2.ulcastudio.com\/index.php\/wp-json\/wp\/v2\/pages"}],"about":[{"href":"https:\/\/projet2.ulcastudio.com\/index.php\/wp-json\/wp\/v2\/types\/page"}],"author":[{"embeddable":true,"href":"https:\/\/projet2.ulcastudio.com\/index.php\/wp-json\/wp\/v2\/users\/1"}],"replies":[{"embeddable":true,"href":"https:\/\/projet2.ulcastudio.com\/index.php\/wp-json\/wp\/v2\/comments?post=12"}],"version-history":[{"count":7,"href":"https:\/\/projet2.ulcastudio.com\/index.php\/wp-json\/wp\/v2\/pages\/12\/revisions"}],"predecessor-version":[{"id":115,"href":"https:\/\/projet2.ulcastudio.com\/index.php\/wp-json\/wp\/v2\/pages\/12\/revisions\/115"}],"wp:attachment":[{"href":"https:\/\/projet2.ulcastudio.com\/index.php\/wp-json\/wp\/v2\/media?parent=12"}],"curies":[{"name":"wp","href":"https:\/\/api.w.org\/{rel}","templated":true}]}}